{"id":14845,"date":"2022-09-01T00:24:32","date_gmt":"2022-09-01T00:24:32","guid":{"rendered":"https:\/\/evoluciosale.hu\/?page_id=14845"},"modified":"2022-12-29T15:59:53","modified_gmt":"2022-12-29T15:59:53","slug":"ugyfel-potal","status":"publish","type":"page","link":"https:\/\/evoluciosale.hu\/en\/ugyfel-potal\/","title":{"rendered":"Business Portal"},"content":{"rendered":"","protected":false},"excerpt":{"rendered":"","protected":false},"author":1,"featured_media":0,"parent":0,"menu_order":0,"comment_status":"closed","ping_status":"closed","template":"","meta":{"footnotes":""},"class_list":["post-14845","page","type-page","status-publish","post-password-required","hentry"],"yoast_head":"<!-- This site is optimized with the Yoast SEO plugin v19.6.1 - https:\/\/yoast.com\/wordpress\/plugins\/seo\/ -->\n<title>\u00dcgyf\u00e9l Port\u00e1l - Evolucio Sale<\/title>\n<meta name=\"robots\" content=\"index, follow, max-snippet:-1, max-image-preview:large, max-video-preview:-1\" \/>\n<link rel=\"canonical\" href=\"https:\/\/evoluciosale.hu\/en\/ugyfel-potal\/\" \/>\n<meta property=\"og:locale\" content=\"en_US\" \/>\n<meta property=\"og:type\" content=\"article\" \/>\n<meta property=\"og:title\" content=\"\u00dcgyf\u00e9l Port\u00e1l - Evolucio Sale\" \/>\n<meta property=\"og:description\" content=\"There is no excerpt because this is a protected post.\" \/>\n<meta property=\"og:url\" content=\"https:\/\/evoluciosale.hu\/en\/ugyfel-potal\/\" \/>\n<meta property=\"og:site_name\" content=\"Evolucio Sale\" \/>\n<meta property=\"article:modified_time\" content=\"2022-12-29T15:59:53+00:00\" \/>\n<meta name=\"twitter:card\" content=\"summary_large_image\" \/>\n<meta name=\"twitter:label1\" content=\"Est. reading time\" \/>\n\t<meta name=\"twitter:data1\" content=\"3 minutes\" \/>\n<script type=\"application\/ld+json\" class=\"yoast-schema-graph\">{\"@context\":\"https:\/\/schema.org\",\"@graph\":[{\"@type\":\"WebPage\",\"@id\":\"https:\/\/evoluciosale.hu\/ugyfel-potal\/\",\"url\":\"https:\/\/evoluciosale.hu\/ugyfel-potal\/\",\"name\":\"\u00dcgyf\u00e9l Port\u00e1l - Evolucio Sale\",\"isPartOf\":{\"@id\":\"https:\/\/evoluciosale.hu\/#website\"},\"datePublished\":\"2022-09-01T00:24:32+00:00\",\"dateModified\":\"2022-12-29T15:59:53+00:00\",\"breadcrumb\":{\"@id\":\"https:\/\/evoluciosale.hu\/ugyfel-potal\/#breadcrumb\"},\"inLanguage\":\"en-US\"},{\"@type\":\"WebSite\",\"@id\":\"https:\/\/evoluciosale.hu\/#website\",\"url\":\"https:\/\/evoluciosale.hu\/\",\"name\":\"Evolucio Sale\",\"description\":\"My WordPress Blog\",\"potentialAction\":[{\"@type\":\"SearchAction\",\"target\":{\"@type\":\"EntryPoint\",\"urlTemplate\":\"https:\/\/evoluciosale.hu\/?s={search_term_string}\"},\"query-input\":\"required name=search_term_string\"}],\"inLanguage\":\"en-US\"}]}<\/script>\n<!-- \/ Yoast SEO plugin. -->","yoast_head_json":{"title":"\u00dcgyf\u00e9l Port\u00e1l - Evolucio Sale","robots":{"index":"index","follow":"follow","max-snippet":"max-snippet:-1","max-image-preview":"max-image-preview:large","max-video-preview":"max-video-preview:-1"},"canonical":"https:\/\/evoluciosale.hu\/en\/ugyfel-potal\/","og_locale":"en_US","og_type":"article","og_title":"\u00dcgyf\u00e9l Port\u00e1l - Evolucio Sale","og_description":"There is no excerpt because this is a protected post.","og_url":"https:\/\/evoluciosale.hu\/en\/ugyfel-potal\/","og_site_name":"Evolucio Sale","article_modified_time":"2022-12-29T15:59:53+00:00","twitter_card":"summary_large_image","twitter_misc":{"Est. reading time":"3 minutes"},"schema":{"@context":"https:\/\/schema.org","@graph":[{"@type":"WebPage","@id":"https:\/\/evoluciosale.hu\/ugyfel-potal\/","url":"https:\/\/evoluciosale.hu\/ugyfel-potal\/","name":"\u00dcgyf\u00e9l Port\u00e1l - Evolucio Sale","isPartOf":{"@id":"https:\/\/evoluciosale.hu\/#website"},"datePublished":"2022-09-01T00:24:32+00:00","dateModified":"2022-12-29T15:59:53+00:00","breadcrumb":{"@id":"https:\/\/evoluciosale.hu\/ugyfel-potal\/#breadcrumb"},"inLanguage":"en-US"},{"@type":"WebSite","@id":"https:\/\/evoluciosale.hu\/#website","url":"https:\/\/evoluciosale.hu\/","name":"Evolucio Sale","description":"My WordPress Blog","potentialAction":[{"@type":"SearchAction","target":{"@type":"EntryPoint","urlTemplate":"https:\/\/evoluciosale.hu\/?s={search_term_string}"},"query-input":"required name=search_term_string"}],"inLanguage":"en-US"}]}},"_links":{"self":[{"href":"https:\/\/evoluciosale.hu\/en\/wp-json\/wp\/v2\/pages\/14845","targetHints":{"allow":["GET"]}}],"collection":[{"href":"https:\/\/evoluciosale.hu\/en\/wp-json\/wp\/v2\/pages"}],"about":[{"href":"https:\/\/evoluciosale.hu\/en\/wp-json\/wp\/v2\/types\/page"}],"author":[{"embeddable":true,"href":"https:\/\/evoluciosale.hu\/en\/wp-json\/wp\/v2\/users\/1"}],"replies":[{"embeddable":true,"href":"https:\/\/evoluciosale.hu\/en\/wp-json\/wp\/v2\/comments?post=14845"}],"version-history":[{"count":62,"href":"https:\/\/evoluciosale.hu\/en\/wp-json\/wp\/v2\/pages\/14845\/revisions"}],"predecessor-version":[{"id":15112,"href":"https:\/\/evoluciosale.hu\/en\/wp-json\/wp\/v2\/pages\/14845\/revisions\/15112"}],"wp:attachment":[{"href":"https:\/\/evoluciosale.hu\/en\/wp-json\/wp\/v2\/media?parent=14845"}],"curies":[{"name":"wp","href":"https:\/\/api.w.org\/{rel}","templated":true}]}}